{"id":1190,"date":"2018-02-26T00:03:39","date_gmt":"2018-02-25T21:03:39","guid":{"rendered":"http:\/\/fundatiapact.ro\/?page_id=1190"},"modified":"2020-06-16T12:47:54","modified_gmt":"2020-06-16T09:47:54","slug":"redirectioneaza","status":"publish","type":"page","link":"https:\/\/fundatiapact.ro\/en\/cercul-donatorilor-si-debit-direct\/redirectioneaza\/","title":{"rendered":"Redirec\u021bioneaz\u0103 3.5% din impozit"},"content":{"rendered":"<p>\u00cen ultimii 13 ani, Funda\u021bia PACT a lucrat \u00een peste 165 de comunit\u0103\u021bi, a avut 45 de proiecte proprii derulate, 156 de proiecte locale finan\u021bate \u0219i peste 22.000 de oameni s-au implicat \u00een proiectele noastre.<\/p>\n<p>\u00cen 2020, ne dorim s\u0103 lucr\u0103m \u00een 5 mici comunit\u0103\u021bi cu ajutorul t\u0103u.<\/p>\n<p class=\"_04xlpA direction-ltr align-start para-style-body\"><strong>Satul rom\u00e2nesc poate fi activ, colorat \u0219i plin de via\u021b\u0103 pentru c\u0103 acolo se nasc jum\u0103tate\u00a0din copiii Romaniei!<\/strong><\/p>\n<p class=\"_04xlpA direction-ltr align-start para-style-body\">Haide\u021bi\u00a0s\u0103\u00a0investim \u00eencredere, s\u0103 le oferim oamenilor de la sat demnitate \u0219i respect pentru ca ei s\u0103 poat\u0103 descoperi Puterea de a-\u0219i transforma comunit\u0103\u021bile!<\/p>\n<p><strong>Contribuie \u0219i tu!<\/strong><\/p>\n<p>Urmeaz\u0103 linkul c\u0103tre pagina noastr\u0103 pe <a href=\"https:\/\/redirectioneaza.ro\/fundatia-pact\/doilasuta\">redirectioneaza.ro<\/a> sau pa\u0219ii de mai jos:<\/p>\n<p><span style=\"color: #808000;\"><strong>Pasul 1.<\/strong><\/span><\/p>\n<table>\n<tbody>\n<tr>\n<td width=\"312\">Dac\u0103 \u00een 2019 ai avut venituri<\/p>\n<p>din salarii sau din pensii.<\/p>\n<p>&nbsp;<\/td>\n<td width=\"312\">Dac\u0103 \u00een 2019 ai realizat venituri (\u0219i) din\u00a0 \u00a0 \u00a0 \u00a0activit\u0103\u021bi independente (profesii libere,\u00a0 \u00a0drepturi de proprietate intelectual\u0103, chirii).<\/p>\n<p>&nbsp;<\/td>\n<\/tr>\n<tr>\n<td width=\"312\"><strong>Descarc\u0103\u00a0<a href=\"https:\/\/drive.google.com\/open?id=1R8_kRn9T5uSDaabTs5gAjK-JXEyq4Mgu\">formularul 230<\/a><\/strong><\/td>\n<td width=\"312\"><strong>\u00a0Descarc\u0103 <a href=\"https:\/\/drive.google.com\/open?id=1RsDmNNqMcyZ4VSvViM4qLnB6mrU6oYbq\">Declara\u021bia unic\u0103<\/a><\/strong><\/td>\n<\/tr>\n<\/tbody>\n<\/table>\n<p>&nbsp;<\/p>\n<p><span style=\"color: #808000;\"><strong>Pasul 2. <\/strong><\/span><\/p>\n<p><strong>Completeaz\u0103<\/strong> formularul. Sec\u021biunile pe care este nevoie s\u0103 le completezi sunt: date de identificare a contribuabilului, alegerea categoriei de venit pentru care se solicit\u0103 redirec\u021bionarea 3.5% \u0219i semn\u0103tur\u0103 contribuabil. Datele Funda\u021biei PACT sunt precompletate. Rubrica \u201cSum\u0103\u201d nu trebuie completat\u0103, inspectorul fiscal va face acest lucru.<\/p>\n<p><span style=\"color: #808000;\"><strong>Pasul 3.<\/strong><\/span><\/p>\n<p><strong>Trimite<\/strong> formularul. Formularul se trimite la Administra\u021bia Financiar\u0103 de care apar\u021bii, personal sau prin po\u0219t\u0103, prin scrisoare recomandat\u0103, cu confirmare de primire. Termenul limit\u0103 de depunere este 25 mai 2020.<\/p>\n<p>Adresele Administra\u021biilor Financiare le g\u0103se\u0219ti <a href=\"https:\/\/static.anaf.ro\/static\/10\/Anaf\/AsistentaContribuabili_r\/telefoane_judete\/Regiuni.htm\">aici<\/a>.<\/p>\n<p>De asemenea, \u00eel po\u021bi depune \u0219i online folosind serviciul ANAF <a href=\"https:\/\/www.anaf.ro\/anaf\/internet\/ANAF\/servicii_online\/Inregistrare_persoane_fizice\">\u201cSpa\u021biul Privat Virtual\u201d<\/a><\/p>\n<p>&nbsp;<\/p>\n<p><strong>Ce facem cu banii<\/strong><strong> redirec\u021biona\u021bi de tine?<\/strong><\/p>\n<p>\u00cen Rom\u00e2nia, zonele rurale reprezint\u0103 87% din suprafa\u021ba \u021b\u0103rii \u0219i 45% din popula\u021bie, cu 8,8% \u00een risc de s\u0103r\u0103cie extrem\u0103. Dintre cele 4 regiuni cu ele mai mari rate de popula\u021bie aflat\u0103 \u00een risc de s\u0103r\u0103cie \u0219i excluziune social\u0103, 3 sunt \u00een Sudul Rom\u00e2niei: Sud-Vest Oltenia, Sud-Est \u0219i Sud Muntenia. \u00cen sud, cea mai important\u0103 resurs\u0103 sunt\u00a0<strong>oamenii <\/strong>care, \u00een ciuda lipsei de oportunit\u0103\u021bi, sunt deschi\u0219i \u0219i dornici s\u0103-\u0219i \u00eembun\u0103t\u0103\u021beasc\u0103 via\u021ba.<\/p>\n<p>Funda\u021bia PACT sprijin\u0103 formarea de <strong>organiza\u021bii comunitare<\/strong> \u00een sate \u0219i comune din Sudul \u021b\u0103rii care sunt dornice s\u0103 activeze pentru bun\u0103starea local\u0103. Oamenii din aceste comunit\u0103\u021bi au nevoie de un imbold de \u00eencredere. Pentru ei, <strong>sprijinul nostru ar \u00eensemna o \u0219ans\u0103 la<\/strong>:<\/p>\n<p><span style=\"color: #808000;\"><strong>O f\u00e2nt\u00e2n\u0103\/\u00a0 un loc de joac\u0103\/\u00a0 un centru cultural\/ \u00a0o afacere social\u0103\/\u00a0 o \u0219coal\u0103 dup\u0103 \u0219coal\u0103\/ \u00a0noi venituri \u00een comunitate\/ participarea membrilor comunit\u0103\u021bii la definirea politicilor publice locale<\/strong><\/span><\/p>\n<p><strong>\u00cempreun\u0103 sprijinim micile comunit\u0103\u021bi s\u0103-\u0219i construiasc\u0103 propriul viitor!<\/strong><\/p>","protected":false},"excerpt":{"rendered":"<p>\u00cen ultimii 13 ani, Funda\u021bia PACT a lucrat \u00een peste 165 de comunit\u0103\u021bi, a avut 45 de proiecte proprii derulate, [&hellip;]<\/p>\n","protected":false},"author":5,"featured_media":0,"parent":44,"menu_order":0,"comment_status":"closed","ping_status":"closed","template":"","meta":{"_acf_changed":false,"footnotes":""},"class_list":["post-1190","page","type-page","status-publish","hentry"],"acf":[],"_links":{"self":[{"href":"https:\/\/fundatiapact.ro\/en\/wp-json\/wp\/v2\/pages\/1190","targetHints":{"allow":["GET"]}}],"collection":[{"href":"https:\/\/fundatiapact.ro\/en\/wp-json\/wp\/v2\/pages"}],"about":[{"href":"https:\/\/fundatiapact.ro\/en\/wp-json\/wp\/v2\/types\/page"}],"author":[{"embeddable":true,"href":"https:\/\/fundatiapact.ro\/en\/wp-json\/wp\/v2\/users\/5"}],"replies":[{"embeddable":true,"href":"https:\/\/fundatiapact.ro\/en\/wp-json\/wp\/v2\/comments?post=1190"}],"version-history":[{"count":26,"href":"https:\/\/fundatiapact.ro\/en\/wp-json\/wp\/v2\/pages\/1190\/revisions"}],"predecessor-version":[{"id":1829,"href":"https:\/\/fundatiapact.ro\/en\/wp-json\/wp\/v2\/pages\/1190\/revisions\/1829"}],"up":[{"embeddable":true,"href":"https:\/\/fundatiapact.ro\/en\/wp-json\/wp\/v2\/pages\/44"}],"wp:attachment":[{"href":"https:\/\/fundatiapact.ro\/en\/wp-json\/wp\/v2\/media?parent=1190"}],"curies":[{"name":"wp","href":"https:\/\/api.w.org\/{rel}","templated":true}]}}