{"id":1308,"date":"2018-09-04T10:52:13","date_gmt":"2018-09-04T07:52:13","guid":{"rendered":"http:\/\/fundatiapact.ro\/?page_id=1308"},"modified":"2018-09-04T11:24:31","modified_gmt":"2018-09-04T08:24:31","slug":"politica-privind-fisierele-de-tip-cookies","status":"publish","type":"page","link":"https:\/\/fundatiapact.ro\/en\/politica-privind-fisierele-de-tip-cookies\/","title":{"rendered":"(Rom\u00e2n\u0103) Politic\u0103 privind fi\u0219ierele de tip cookies"},"content":{"rendered":"<p class=\"qtranxs-available-languages-message qtranxs-available-languages-message-en\">Sorry, this entry is only available in <a href=\"https:\/\/fundatiapact.ro\/ro\/wp-json\/wp\/v2\/pages\/1308\" class=\"qtranxs-available-language-link qtranxs-available-language-link-ro\" title=\"Rom\u00e2n\u0103\">Rom\u00e2n\u0103<\/a>.<\/p>","protected":false},"excerpt":{"rendered":"<p>Sorry, this entry is only available in Rom\u00e2n\u0103.<\/p>\n","protected":false},"author":1,"featured_media":0,"parent":0,"menu_order":0,"comment_status":"closed","ping_status":"closed","template":"","meta":{"_acf_changed":false,"footnotes":""},"class_list":["post-1308","page","type-page","status-publish","hentry"],"acf":[],"_links":{"self":[{"href":"https:\/\/fundatiapact.ro\/en\/wp-json\/wp\/v2\/pages\/1308","targetHints":{"allow":["GET"]}}],"collection":[{"href":"https:\/\/fundatiapact.ro\/en\/wp-json\/wp\/v2\/pages"}],"about":[{"href":"https:\/\/fundatiapact.ro\/en\/wp-json\/wp\/v2\/types\/page"}],"author":[{"embeddable":true,"href":"https:\/\/fundatiapact.ro\/en\/wp-json\/wp\/v2\/users\/1"}],"replies":[{"embeddable":true,"href":"https:\/\/fundatiapact.ro\/en\/wp-json\/wp\/v2\/comments?post=1308"}],"version-history":[{"count":5,"href":"https:\/\/fundatiapact.ro\/en\/wp-json\/wp\/v2\/pages\/1308\/revisions"}],"predecessor-version":[{"id":1320,"href":"https:\/\/fundatiapact.ro\/en\/wp-json\/wp\/v2\/pages\/1308\/revisions\/1320"}],"wp:attachment":[{"href":"https:\/\/fundatiapact.ro\/en\/wp-json\/wp\/v2\/media?parent=1308"}],"curies":[{"name":"wp","href":"https:\/\/api.w.org\/{rel}","templated":true}]}}