{"id":1530,"date":"2019-09-19T08:49:13","date_gmt":"2019-09-19T05:49:13","guid":{"rendered":"https:\/\/fundatiapact.ro\/?page_id=1530"},"modified":"2019-09-30T16:15:17","modified_gmt":"2019-09-30T13:15:17","slug":"comunitabara","status":"publish","type":"page","link":"https:\/\/fundatiapact.ro\/en\/comunitabara\/","title":{"rendered":"Comunitab\u0103ra"},"content":{"rendered":"<p>\u00cen weekendul 4-6 octombrie 2019, Funda\u021bia PACT organizeaz\u0103 prima edi\u021bie anual\u0103 a taberei de dezvoltare comunitar\u0103,\u00a0<strong>Comunitab\u0103ra Valea Mosti\u0219tei,<\/strong>\u00a0\u00een parteneriat cu Prim\u0103ria Valea Argovei \u0219i <a href=\"http:\/\/www.valeamostistei.ro\/index.php?id=16\" target=\"_blank\" rel=\"noopener noreferrer\" data-cke-saved-href=\"http:\/\/www.valeamostistei.ro\/index.php?id=16\">GAL Valea Mosti\u0219tei<\/a>.<\/p>\n<p>Te a\u0219tept\u0103m cu drag pe malul lacului din Valea Argovei, de pe cursul Mosti\u0219tei, \u00eentr-un cadru informal de corturi r\u0103sfirate pe islaz, unde invita\u021bii s\u0103 poat\u0103 sta str\u00e2mb \u0219i s\u0103 judece drept.<\/p>\n<p>Comunitab\u0103ra Valea Mosti\u0219tei va pune reflectoarele pe\u00a0<strong>importan\u021ba abord\u0103rii participative ca proces de identificare de probleme \u0219i dezvoltare de solu\u021bii \u00een comunit\u0103\u021bi, pentru o dezvoltare s\u0103n\u0103toas\u0103 a societ\u0103\u021bii rom\u00e2ne\u0219ti.<\/strong><\/p>\n<p>Evenimentul reune\u0219te comunitatea oamenilor interesa\u021bi de metodele \u0219i instrumentele specifice dezvolt\u0103rii comunitare, la nivel practic sau teoretic \u2013 facilitatori, cercet\u0103tori \u0219i teoreticieni \u00een domeniul dezvolt\u0103rii comunitare, al\u0103turi de reprezentan\u021bi ai administra\u021biei publice, ai mediului de afaceri, ai societ\u0103\u021bii civile etc., pentru un schimb de idei \u0219i solu\u021bii privind dezvoltarea sustenabil\u0103 a comunit\u0103\u021bilor.<\/p>\n<p>Prima edi\u021bie a Comunitaberei Valea Mosti\u0219tei are ca tem\u0103 \u2013 2019:\u00a0<strong>\u201eIpostaze ale polariz\u0103rii \u00een societatea rom\u00e2neasc\u0103\u201d<\/strong>.<br \/>\nPolarizarea pe diverse criterii \u2013 social, economic, politic, religios, etnic, de gen etc. &#8211; este un fenomen care s-a manifestat \u00een ultimii ani \u00een Rom\u00e2nia, ca peste tot \u00een lume. Diferen\u021bele sociale au \u00eenceput s\u0103 fie tot mai accentuate. Grupuri \u0219i comunit\u0103\u021bi au \u00eenceput s\u0103 se simt\u0103 amenin\u021bate de diferen\u021be \u0219i s\u0103 vad\u0103 \u00een ele motive de adversitate \u0219i divizare, p\u00e2n\u0103 la a deveni partizanele etichet\u0103rii semenilor \u00een alb \u0219i negru.<\/p>\n<p><strong>Procesul de dezvoltare comunitar\u0103 are tocmai aceast\u0103 menire de a construi pun\u021bi \u00eentre lumi diferite \u00a0\u2013 aduce oamenii \u00eempreun\u0103 pentru ca ei s\u0103-\u0219i con\u0219tientizeze nevoile \u0219i s\u0103 g\u0103seasc\u0103 resurse \u0219i solu\u021bii c\u00e2\u0219tig\u0103toare pentru toate p\u0103r\u021bile implicate.<\/strong><\/p>\n<p>\u00cen primele 2 zile de tab\u0103r\u0103, vom ar\u0103ta c\u0103 exist\u0103 instrumente de activism civic ce pot fi folosite de orice persoan\u0103 responsabil\u0103 care vrea s\u0103 participle la luarea deciziilor \u00eentr-o comunitate. \u00cen cea de a 3-a zi, te invit\u0103m s\u0103 participi la evenimentul comunitar <em>Confluen\u021be \u00een Valea Argovei<\/em><strong>,\u00a0<\/strong>un t\u00e2rg de produse tradi\u021bionale de pe Valea Mosti\u0219tei \u0219i pove\u0219ti locale. Agenda preliminar\u0103 <a href=\"https:\/\/fundatiapact.ro\/comunitabara\/agenda-preliminara\/\">aici<\/a>.<\/p>\n<p>Vino la #comunitab\u0103r\u0103 s\u0103-\u021bi completezi viziunea asupra practicilor de dezvoltare comunitar\u0103 din Rom\u00e2nia, s\u0103 \u00ee\u021bi echipezi trusa de lucru personal\u0103 cu instrumente participative noi \u0219i s\u0103 celebr\u0103m apartenen\u021ba la o comunitate de prestigiu, a celor care construiesc pun\u021bi \u00eentre oameni \u0219i \u00eentre lumi.<\/p>\n","protected":false},"excerpt":{"rendered":"<p>\u00cen weekendul 4-6 octombrie 2019, Funda\u021bia PACT organizeaz\u0103 prima edi\u021bie anual\u0103 a taberei de dezvoltare comunitar\u0103,\u00a0Comunitab\u0103ra Valea Mosti\u0219tei,\u00a0\u00een parteneriat cu [&hellip;]<\/p>\n","protected":false},"author":5,"featured_media":0,"parent":0,"menu_order":0,"comment_status":"closed","ping_status":"closed","template":"","meta":{"_acf_changed":false,"footnotes":""},"class_list":["post-1530","page","type-page","status-publish","hentry"],"acf":[],"_links":{"self":[{"href":"https:\/\/fundatiapact.ro\/en\/wp-json\/wp\/v2\/pages\/1530","targetHints":{"allow":["GET"]}}],"collection":[{"href":"https:\/\/fundatiapact.ro\/en\/wp-json\/wp\/v2\/pages"}],"about":[{"href":"https:\/\/fundatiapact.ro\/en\/wp-json\/wp\/v2\/types\/page"}],"author":[{"embeddable":true,"href":"https:\/\/fundatiapact.ro\/en\/wp-json\/wp\/v2\/users\/5"}],"replies":[{"embeddable":true,"href":"https:\/\/fundatiapact.ro\/en\/wp-json\/wp\/v2\/comments?post=1530"}],"version-history":[{"count":5,"href":"https:\/\/fundatiapact.ro\/en\/wp-json\/wp\/v2\/pages\/1530\/revisions"}],"predecessor-version":[{"id":1554,"href":"https:\/\/fundatiapact.ro\/en\/wp-json\/wp\/v2\/pages\/1530\/revisions\/1554"}],"wp:attachment":[{"href":"https:\/\/fundatiapact.ro\/en\/wp-json\/wp\/v2\/media?parent=1530"}],"curies":[{"name":"wp","href":"https:\/\/api.w.org\/{rel}","templated":true}]}}