{"id":1534,"date":"2019-09-19T08:56:05","date_gmt":"2019-09-19T05:56:05","guid":{"rendered":"https:\/\/fundatiapact.ro\/?page_id=1534"},"modified":"2022-10-11T12:51:33","modified_gmt":"2022-10-11T09:51:33","slug":"agenda-preliminara","status":"publish","type":"page","link":"https:\/\/fundatiapact.ro\/en\/comunitabara\/agenda-preliminara\/","title":{"rendered":"(Rom\u00e2n\u0103) Agend\u0103 preliminar\u0103"},"content":{"rendered":"<p class=\"qtranxs-available-languages-message qtranxs-available-languages-message-en\">Sorry, this entry is only available in <a href=\"https:\/\/fundatiapact.ro\/ro\/wp-json\/wp\/v2\/pages\/1534\" class=\"qtranxs-available-language-link qtranxs-available-language-link-ro\" title=\"Rom\u00e2n\u0103\">Rom\u00e2n\u0103<\/a>.<\/p>","protected":false},"excerpt":{"rendered":"<p>Sorry, this entry is only available in Rom\u00e2n\u0103.<\/p>\n","protected":false},"author":5,"featured_media":0,"parent":1530,"menu_order":0,"comment_status":"closed","ping_status":"closed","template":"","meta":{"_acf_changed":false,"footnotes":""},"class_list":["post-1534","page","type-page","status-publish","hentry"],"acf":[],"_links":{"self":[{"href":"https:\/\/fundatiapact.ro\/en\/wp-json\/wp\/v2\/pages\/1534","targetHints":{"allow":["GET"]}}],"collection":[{"href":"https:\/\/fundatiapact.ro\/en\/wp-json\/wp\/v2\/pages"}],"about":[{"href":"https:\/\/fundatiapact.ro\/en\/wp-json\/wp\/v2\/types\/page"}],"author":[{"embeddable":true,"href":"https:\/\/fundatiapact.ro\/en\/wp-json\/wp\/v2\/users\/5"}],"replies":[{"embeddable":true,"href":"https:\/\/fundatiapact.ro\/en\/wp-json\/wp\/v2\/comments?post=1534"}],"version-history":[{"count":24,"href":"https:\/\/fundatiapact.ro\/en\/wp-json\/wp\/v2\/pages\/1534\/revisions"}],"predecessor-version":[{"id":1963,"href":"https:\/\/fundatiapact.ro\/en\/wp-json\/wp\/v2\/pages\/1534\/revisions\/1963"}],"up":[{"embeddable":true,"href":"https:\/\/fundatiapact.ro\/en\/wp-json\/wp\/v2\/pages\/1530"}],"wp:attachment":[{"href":"https:\/\/fundatiapact.ro\/en\/wp-json\/wp\/v2\/media?parent=1534"}],"curies":[{"name":"wp","href":"https:\/\/api.w.org\/{rel}","templated":true}]}}