{"id":1810,"date":"2020-04-13T11:58:07","date_gmt":"2020-04-13T08:58:07","guid":{"rendered":"https:\/\/fundatiapact.ro\/?page_id=1810"},"modified":"2020-04-13T14:53:09","modified_gmt":"2020-04-13T11:53:09","slug":"apel-covid19-pentru-comunitati-2","status":"publish","type":"page","link":"https:\/\/fundatiapact.ro\/en\/apel-covid19-pentru-comunitati-2\/","title":{"rendered":"(Rom\u00e2n\u0103) Apel COVID19 pentru Comunit\u0103\u021bi"},"content":{"rendered":"<p class=\"qtranxs-available-languages-message qtranxs-available-languages-message-en\">Sorry, this entry is only available in <a href=\"https:\/\/fundatiapact.ro\/ro\/wp-json\/wp\/v2\/pages\/1810\" class=\"qtranxs-available-language-link qtranxs-available-language-link-ro\" title=\"Rom\u00e2n\u0103\">Rom\u00e2n\u0103<\/a>.<\/p>","protected":false},"excerpt":{"rendered":"<p>Sorry, this entry is only available in Rom\u00e2n\u0103.<\/p>\n","protected":false},"author":5,"featured_media":0,"parent":0,"menu_order":0,"comment_status":"closed","ping_status":"closed","template":"","meta":{"_acf_changed":false,"footnotes":""},"class_list":["post-1810","page","type-page","status-publish","hentry"],"acf":[],"_links":{"self":[{"href":"https:\/\/fundatiapact.ro\/en\/wp-json\/wp\/v2\/pages\/1810","targetHints":{"allow":["GET"]}}],"collection":[{"href":"https:\/\/fundatiapact.ro\/en\/wp-json\/wp\/v2\/pages"}],"about":[{"href":"https:\/\/fundatiapact.ro\/en\/wp-json\/wp\/v2\/types\/page"}],"author":[{"embeddable":true,"href":"https:\/\/fundatiapact.ro\/en\/wp-json\/wp\/v2\/users\/5"}],"replies":[{"embeddable":true,"href":"https:\/\/fundatiapact.ro\/en\/wp-json\/wp\/v2\/comments?post=1810"}],"version-history":[{"count":10,"href":"https:\/\/fundatiapact.ro\/en\/wp-json\/wp\/v2\/pages\/1810\/revisions"}],"predecessor-version":[{"id":1823,"href":"https:\/\/fundatiapact.ro\/en\/wp-json\/wp\/v2\/pages\/1810\/revisions\/1823"}],"wp:attachment":[{"href":"https:\/\/fundatiapact.ro\/en\/wp-json\/wp\/v2\/media?parent=1810"}],"curies":[{"name":"wp","href":"https:\/\/api.w.org\/{rel}","templated":true}]}}