{"id":27358,"date":"2025-10-22T19:11:51","date_gmt":"2025-10-22T16:11:51","guid":{"rendered":"https:\/\/fundatiapact.ro\/?page_id=27358"},"modified":"2026-04-09T11:21:53","modified_gmt":"2026-04-09T08:21:53","slug":"acasaro","status":"publish","type":"page","link":"https:\/\/fundatiapact.ro\/en\/","title":{"rendered":"AcasaRO"},"content":{"rendered":"<p><\/p>\n<div id=\"pl-27358\"  class=\"panel-layout\" >\n<div id=\"pg-27358-0\"  class=\"panel-grid panel-no-style\" >\n<div id=\"pgc-27358-0-0\"  class=\"panel-grid-cell\"  data-weight=\"1\" >\n<div id=\"panel-27358-0-0-0\" class=\"so-panel widget widget_sow-editor panel-first-child panel-last-child\" data-index=\"0\" data-style=\"{&quot;background_image_attachment&quot;:false,&quot;background_display&quot;:&quot;tile&quot;,&quot;background_image_size&quot;:&quot;full&quot;,&quot;background_image_opacity&quot;:&quot;100&quot;,&quot;border_thickness&quot;:&quot;1px&quot;}\" >\n<div\n\t\t\t\n\t\t\tclass=\"so-widget-sow-editor so-widget-sow-editor-base\"\n\t\t\t\n\t\t><\/p>\n<div class=\"siteorigin-widget-tinymce textwidget\">\n\t<!-- Pagina de start \u2014 Funda\u021bia PACT (HTML curat) --><br \/>\n<!-- Lipi\u021bi acest cod \u00eentr-un bloc \"Custom HTML\" din editorul paginii --><\/p>\n<p><!-- HERO --><\/p>\n<section class=\"hero hero-full-height\" role=\"banner\" aria-label=\"Funda\u021bia PACT - mesaj principal\">\n<div class=\"hero-figure\" style=\"background-image:url('https:\/\/fundatiapact.ro\/wp-content\/uploads\/2016\/10\/Spantov.jpg'); background-size:cover; background-position:center; background-repeat:no-repeat;\">\n<div class=\"container container-full-height\">\n<div class=\"hero-container\">\n<div class=\"hero-content\">\n<div class=\"hero-title\">\n<h1>Funda\u021bia PACT contribuie la dezvoltarea sustenabil\u0103 a comunit\u0103\u021bilor<\/h1>\n<\/p><\/div>\n<nav class=\"hero-call-to-action\" aria-label=\"Ac\u021biuni principale\">\n            <a class=\"button\" href=\"\/doneaza\/\">Doneaz\u0103<\/a><br \/>\n            <a class=\"button\" href=\"\/voluntariat-si-alte-modalitati-de-implicare\/\">Fii voluntar<\/a><br \/>\n            <a class=\"button\" href=\"\/apel-covid19-pentru-comunitati-2\/\">Apel COVID-19 pentru comunit\u0103\u021bi<\/a><br \/>\n          <\/nav>\n<\/p><\/div>\n<\/p><\/div>\n<\/p><\/div>\n<\/p><\/div>\n<p>  <!-- Social --><\/p>\n<div class=\"social-icons hero-social-icons\" aria-label=\"Re\u021bele sociale\">\n<ul class=\"social-icons-menu\" role=\"list\">\n<li>\n        <a href=\"https:\/\/www.facebook.com\/FundatiaPACT\/\" target=\"_blank\" rel=\"noopener\" aria-label=\"Facebook Funda\u021bia PACT\"><br \/>\n          <img loading=\"lazy\" decoding=\"async\" loading=\"lazy\" src=\"\/wp-content\/themes\/fundatiapact\/images\/social-facebook-icon.png\" alt=\"Facebook\" width=\"24\" height=\"24\"\/><br \/>\n        <\/a>\n      <\/li>\n<li>\n        <a href=\"https:\/\/twitter.com\/fundatiapact\" target=\"_blank\" rel=\"noopener\" aria-label=\"Twitter Funda\u021bia PACT\"><br \/>\n          <img loading=\"lazy\" decoding=\"async\" loading=\"lazy\" src=\"\/wp-content\/themes\/fundatiapact\/images\/social-twitter-icon.png\" alt=\"Twitter\" width=\"24\" height=\"24\"\/><br \/>\n        <\/a>\n      <\/li>\n<li>\n        <a href=\"mailto:office@fundatiapact.ro\" aria-label=\"Trimite email c\u0103tre Funda\u021bia PACT\"><br \/>\n          <img loading=\"lazy\" decoding=\"async\" loading=\"lazy\" src=\"\/wp-content\/themes\/fundatiapact\/images\/social-email-icon.png\" alt=\"Email\" width=\"24\" height=\"24\"\/><br \/>\n        <\/a>\n      <\/li>\n<\/ul><\/div>\n<\/section>\n<p><!-- FEATURES \/ DESPRE --><\/p>\n<section class=\"features\" aria-label=\"Despre Funda\u021bia PACT\">\n<article class=\"features-article\">\n<div class=\"features-article-container\">\n<header class=\"features-article-title\">\n<h2>Cine suntem?<\/h2>\n<\/header>\n<div class=\"features-article-content\">\n<p>Din 2006, acceler\u0103m schimbarea \u00een sudul Rom\u00e2niei, deoarece credem c\u0103 Rom\u00e2nia va evolua s\u0103n\u0103tos dac\u0103 va cre\u0219te de jos \u00een sus, prin lideri \u0219i idei din interiorul comunit\u0103\u021bilor locale.<\/p>\n<\/p><\/div>\n<\/p><\/div>\n<\/article>\n<article class=\"features-article\">\n<div class=\"features-article-container\">\n<header class=\"features-article-title\">\n<h2>Ce facem?<\/h2>\n<\/header>\n<div class=\"features-article-content\">\n<p>Oferim facilitare, instruire, consultan\u021b\u0103 \u0219i finan\u021bare pentru a sprijini \u0219i \u00eencuraja oamenii cu ini\u021biativ\u0103 s\u0103 identifice nevoi ale propriei comunit\u0103\u021bi, s\u0103 le prioritizeze \u0219i s\u0103 \u00ee\u0219i asume responsabilitatea pentru rezolvarea lor.<\/p>\n<\/p><\/div>\n<\/p><\/div>\n<\/article>\n<article class=\"features-article\">\n<div class=\"features-article-container\">\n<header class=\"features-article-title\">\n<h2>Cum ne po\u021bi sus\u021bine?<\/h2>\n<\/header>\n<div class=\"features-article-content\">\n<p>Atragem resurse de la oameni, companii \u0219i funda\u021bii care cred c\u0103 schimbarea \u00eencepe de jos \u00een sus \u0219i doresc s\u0103 investeasc\u0103 \u00een dezvoltarea comunit\u0103\u021bilor mici.<\/p>\n<\/p><\/div>\n<\/p><\/div>\n<\/article>\n<\/section>\n<p><!-- OVERVIEW \/ DE CE SA TE IMPLICI --><\/p>\n<section class=\"overview\">\n<div class=\"intro has-symbol\">\n<div class=\"container\">\n<div class=\"intro-container\">\n<div class=\"intro-title\">\n<h3>De ce s\u0103 te implici?<\/h3>\n<\/p><\/div>\n<\/p><\/div>\n<\/p><\/div>\n<\/p><\/div>\n<\/section>\n<p><!-- INDICATORI --><\/p>\n<section class=\"directions-overview\" aria-label=\"Indicatori impact\">\n<div class=\"container\">\n<div class=\"directions-badges\">\n<div class=\"row\">\n<div class=\"col-md-3 col-sm-6\">\n<div class=\"directions-badge\">\n<div class=\"directions-badge-figure\" aria-label=\"19 jude\u021be\">19<\/div>\n<div class=\"directions-badge-title\">jude\u021be din sud \u00een care lucr\u0103m<\/div>\n<\/p><\/div>\n<\/p><\/div>\n<div class=\"col-md-3 col-sm-6\">\n<div class=\"directions-badge\">\n<div class=\"directions-badge-figure\" aria-label=\"162 comunit\u0103\u021bi\">162<\/div>\n<div class=\"directions-badge-title\">comunit\u0103\u021bi mici \u00een care am lucrat<\/div>\n<\/p><\/div>\n<\/p><\/div>\n<div class=\"col-md-3 col-sm-6\">\n<div class=\"directions-badge\">\n<div class=\"directions-badge-figure\" aria-label=\"156 proiecte\">156<\/div>\n<div class=\"directions-badge-title\">proiecte locale cu finan\u021b\u0103ri<\/div>\n<\/p><\/div>\n<\/p><\/div>\n<div class=\"col-md-3 col-sm-6\">\n<div class=\"directions-badge\">\n<div class=\"directions-badge-figure\" aria-label=\"2,3 milioane\">2,3&nbsp;mil.<\/div>\n<div class=\"directions-badge-title\">suma total\u0103 a finan\u021b\u0103rilor pentru proiecte locale<\/div>\n<\/p><\/div>\n<\/p><\/div>\n<\/p><\/div>\n<\/p><\/div>\n<\/p><\/div>\n<\/section>\n<p><!-- PROIECTE --><\/p>\n<section class=\"projects-overview\" aria-label=\"Proiecte recente\">\n<div class=\"container\">\n<div class=\"projects\">\n<div class=\"row\">\n<div class=\"col-sm-4\">\n<article class=\"projects-article\">\n<figure class=\"projects-article-figure\">\n              <img loading=\"lazy\" decoding=\"async\" loading=\"lazy\" src=\"\/wp-content\/uploads\/2018\/03\/echipa-620x620.jpg\" alt=\"Descuiem Visuri. De la Sud la Suflet\" width=\"620\" height=\"620\"\/><br \/>\n            <\/figure>\n<header class=\"projects-article-title\">\n<h5><a href=\"\/descuiem-visuri-de-la-sud-la-suflet\/\">Descuiem Visuri. De la Sud la Suflet<\/a><\/h5>\n<\/header>\n<div class=\"projects-article-content\">\n<p>A doua edi\u021bie a galei Funda\u021biei PACT, care a avut loc pe 22 martie, la salonul de evenimente La Teatru. [\u2026]<\/p>\n<\/p><\/div>\n<\/article><\/div>\n<div class=\"col-sm-4\">\n<article class=\"projects-article\">\n<figure class=\"projects-article-figure\">\n              <img loading=\"lazy\" decoding=\"async\" loading=\"lazy\" src=\"\/wp-content\/uploads\/2018\/01\/Vizuresti-SM9_2075-scaled-620x620.jpg\" alt=\"Funda\u021bia PACT caut\u0103 mentor \u00een advocacy la nivel local\" width=\"620\" height=\"620\"\/><br \/>\n            <\/figure>\n<header class=\"projects-article-title\">\n<h5><a href=\"\/fundatia-pact-cauta-mentor-in-advocacy-la-nivel-local\/\">Funda\u021bia PACT caut\u0103 mentor \u00een advocacy la nivel local<\/a><\/h5>\n<\/header>\n<div class=\"projects-article-content\">\n<p>C\u0103ut\u0103m o persoan\u0103 cu experien\u021b\u0103 de lucru la firul ierbii \u00een advocacy\/organizare comunitar\u0103, care s\u0103 se al\u0103ture proiectului nostru [\u2026]<\/p>\n<\/p><\/div>\n<\/article><\/div>\n<div class=\"col-sm-4\">\n<article class=\"projects-article\">\n<figure class=\"projects-article-figure\">\n              <img loading=\"lazy\" decoding=\"async\" loading=\"lazy\" src=\"\/wp-content\/uploads\/2017\/10\/Mahmudia-620x620.jpg\" alt=\"Campanii locale despre violen\u021ba \u00een cuplu \u0219i violen\u021ba online\" width=\"620\" height=\"620\"\/><br \/>\n            <\/figure>\n<header class=\"projects-article-title\">\n<h5><a href=\"\/campanii-locale-despre-violenta-in-cuplu-si-violenta-online\/\">Campanii locale despre violen\u021ba \u00een cuplu \u0219i violen\u021ba online<\/a><\/h5>\n<\/header>\n<div class=\"projects-article-content\">\n<p>\u00cen perioada octombrie\u2013noiembrie, tinerii din nou\u0103 comunit\u0103\u021bi mici din sudul Rom\u00e2niei vor organiza campanii pentru a aduce \u00een aten\u021bia comunit\u0103\u021bilor [\u2026]<\/p>\n<\/p><\/div>\n<\/article><\/div>\n<div class=\"col-sm-4\">\n<article class=\"projects-article\">\n<figure class=\"projects-article-figure\">\n              <img loading=\"lazy\" decoding=\"async\" loading=\"lazy\" src=\"\/wp-content\/uploads\/2017\/10\/afis-Cercul-Donatorilor_2017-scaled-620x620.jpg\" alt=\"Hai la Cercul Donatorilor, s\u0103 sus\u021binem proiecte care schimb\u0103 comunit\u0103\u021bi!\" width=\"620\" height=\"620\"\/><br \/>\n            <\/figure>\n<header class=\"projects-article-title\">\n<h5><a href=\"\/hai-la-cercul-donatorilor-sa-sustinem-proiecte-care-schimba-comunitati\/\">Hai la Cercul Donatorilor, s\u0103 sus\u021binem proiecte care schimb\u0103 comunit\u0103\u021bi!<\/a><\/h5>\n<\/header>\n<div class=\"projects-article-content\">\n<p>Pe 12 octombrie, de la ora 18:30, \u00een mansarda Simbio, te invit\u0103m la o nou\u0103 edi\u021bie a Cercului Donatorilor PACT. [\u2026]<\/p>\n<\/p><\/div>\n<\/article><\/div>\n<div class=\"col-sm-4\">\n<article class=\"projects-article\">\n<figure class=\"projects-article-figure\">\n              <img loading=\"lazy\" decoding=\"async\" loading=\"lazy\" src=\"\/wp-content\/uploads\/2017\/05\/Vulcan-620x620.jpg\" alt=\"Curs gratuit de formare pentru facilitatori de dezvoltare comunitar\u0103\" width=\"620\" height=\"620\"\/><br \/>\n            <\/figure>\n<header class=\"projects-article-title\">\n<h5><a href=\"\/recrutam-facilitatori-de-dezvoltare-comunitara\/\">Curs gratuit de formare pentru facilitatori de dezvoltare comunitar\u0103<\/a><\/h5>\n<\/header>\n<div class=\"projects-article-content\">\n<p>\u021ai-a pl\u0103cut \u00eentotdeauna s\u0103 \u00eei aju\u021bi pe oameni s\u0103-\u0219i rezolve problemele, s\u0103 c\u0103l\u0103tore\u0219ti \u0219i s\u0103 te dezvol\u021bi? Exist\u0103 o meserie [\u2026]<\/p>\n<\/p><\/div>\n<\/article><\/div>\n<div class=\"col-sm-4\">\n<article class=\"projects-article\">\n<figure class=\"projects-article-figure\">\n              <img loading=\"lazy\" decoding=\"async\" loading=\"lazy\" src=\"\/wp-content\/uploads\/2017\/05\/supereroi-620x620.jpg\" alt=\"Hai \u00een echipa oamenilor cu superputeri!\" width=\"620\" height=\"620\"\/><br \/>\n            <\/figure>\n<header class=\"projects-article-title\">\n<h5><a href=\"\/english-fundatia-pact-isi-face-echipa-in-cadrul-departamentului-fortele-binelui\/\">Hai \u00een echipa oamenilor cu superputeri!<\/a><\/h5>\n<\/header>\n<div class=\"projects-article-content\">\n<p>\u00ce\u021bi place s\u0103 alergi \u0219i ai vrea s\u0103 folose\u0219ti pasiunea ta pentru a sus\u021bine proiecte \u0219i oameni din ora\u0219e mici [\u2026]<\/p>\n<\/p><\/div>\n<\/article><\/div>\n<div class=\"col-sm-4\">\n<article class=\"projects-article\">\n<figure class=\"projects-article-figure\">\n              <img loading=\"lazy\" decoding=\"async\" loading=\"lazy\" src=\"\/wp-content\/uploads\/2017\/04\/casuta-Vizuresti-620x603.jpg\" alt=\"Ap\u0103 potabil\u0103 pentru C\u0103su\u021ba de cultur\u0103 din Vizure\u0219ti\" width=\"620\" height=\"603\"\/><br \/>\n            <\/figure>\n<header class=\"projects-article-title\">\n<h5><a href=\"\/apa-potabila-pentru-casuta-de-cultura-din-vizuresti-2\/\">Ap\u0103 potabil\u0103 pentru C\u0103su\u021ba de cultur\u0103 din Vizure\u0219ti<\/a><\/h5>\n<\/header>\n<div class=\"projects-article-content\">\n<p>\u00cen anul 2010, oamenii din Vizure\u0219ti, D\u00e2mbovi\u021ba, un sat aflat la aproximativ 30 de kilometri de Bucure\u0219ti, \u00ee\u0219i doreau s\u0103 [\u2026]<\/p>\n<\/p><\/div>\n<\/article><\/div>\n<\/p><\/div>\n<p><!-- \/.row -->\n    <\/div>\n<p><!-- \/.projects -->\n  <\/div>\n<p><!-- \/.container --><br \/>\n<\/section>\n<\/div>\n<\/div>\n<\/div>\n<\/div>\n<\/div>\n<\/div>\n<p><\/p>","protected":false},"excerpt":{"rendered":"<p>Funda\u021bia PACT contribuie la dezvoltarea sustenabil\u0103 a comunit\u0103\u021bilor Doneaz\u0103 Fii voluntar Apel COVID-19 pentru comunit\u0103\u021bi Cine suntem? Din 2006, acceler\u0103m [&hellip;]<\/p>\n","protected":false},"author":21709,"featured_media":0,"parent":0,"menu_order":0,"comment_status":"closed","ping_status":"closed","template":"","meta":{"_acf_changed":false,"footnotes":""},"class_list":["post-27358","page","type-page","status-publish","hentry"],"acf":[],"_links":{"self":[{"href":"https:\/\/fundatiapact.ro\/en\/wp-json\/wp\/v2\/pages\/27358","targetHints":{"allow":["GET"]}}],"collection":[{"href":"https:\/\/fundatiapact.ro\/en\/wp-json\/wp\/v2\/pages"}],"about":[{"href":"https:\/\/fundatiapact.ro\/en\/wp-json\/wp\/v2\/types\/page"}],"author":[{"embeddable":true,"href":"https:\/\/fundatiapact.ro\/en\/wp-json\/wp\/v2\/users\/21709"}],"replies":[{"embeddable":true,"href":"https:\/\/fundatiapact.ro\/en\/wp-json\/wp\/v2\/comments?post=27358"}],"version-history":[{"count":7,"href":"https:\/\/fundatiapact.ro\/en\/wp-json\/wp\/v2\/pages\/27358\/revisions"}],"predecessor-version":[{"id":27392,"href":"https:\/\/fundatiapact.ro\/en\/wp-json\/wp\/v2\/pages\/27358\/revisions\/27392"}],"wp:attachment":[{"href":"https:\/\/fundatiapact.ro\/en\/wp-json\/wp\/v2\/media?parent=27358"}],"curies":[{"name":"wp","href":"https:\/\/api.w.org\/{rel}","templated":true}]}}